{"id":24231,"date":"2019-10-09T23:11:18","date_gmt":"2019-10-09T21:11:18","guid":{"rendered":"https:\/\/modavip.net\/?post_type=product&#038;p=24231"},"modified":"2025-03-01T12:44:44","modified_gmt":"2025-03-01T11:44:44","slug":"salopette-foggi-12","status":"publish","type":"product","link":"https:\/\/modavip.net\/index.php\/prodotto\/salopette-foggi-12\/","title":{"rendered":"Salopette Foggi"},"content":{"rendered":"","protected":false},"excerpt":{"rendered":"<h5>Salopette bluette in cr\u00eape gabardine. Collo revers incrociato in met\u00e0 in pizzo macram\u00e8. Manica 3\/4. Pantalone stile palazzo con banda laterale in pizzo macram\u00e8. Chiusura retro con zip. Vestibilit\u00e0 regular.<\/h5>\n","protected":false},"featured_media":24232,"template":"","meta":[],"product_brand":[],"product_cat":[429,212,363,105,22,201,361,208],"product_tag":[254],"class_list":{"0":"post-24231","1":"product","2":"type-product","3":"status-publish","4":"has-post-thumbnail","6":"product_cat-elegante","7":"product_cat-foggi","8":"product_cat-s","9":"product_cat-saldi","10":"product_cat-salopette","11":"product_cat-salopette-lunghe","12":"product_cat-tutte-le-taglie","13":"product_cat-tutti-i-brand","14":"product_tag-salopette-foggi","16":"first","17":"instock","18":"sale","19":"shipping-taxable","20":"purchasable","21":"product-type-variable"},"_links":{"self":[{"href":"https:\/\/modavip.net\/index.php\/wp-json\/wp\/v2\/product\/24231","targetHints":{"allow":["GET"]}}],"collection":[{"href":"https:\/\/modavip.net\/index.php\/wp-json\/wp\/v2\/product"}],"about":[{"href":"https:\/\/modavip.net\/index.php\/wp-json\/wp\/v2\/types\/product"}],"wp:featuredmedia":[{"embeddable":true,"href":"https:\/\/modavip.net\/index.php\/wp-json\/wp\/v2\/media\/24232"}],"wp:attachment":[{"href":"https:\/\/modavip.net\/index.php\/wp-json\/wp\/v2\/media?parent=24231"}],"wp:term":[{"taxonomy":"product_brand","embeddable":true,"href":"https:\/\/modavip.net\/index.php\/wp-json\/wp\/v2\/product_brand?post=24231"},{"taxonomy":"product_cat","embeddable":true,"href":"https:\/\/modavip.net\/index.php\/wp-json\/wp\/v2\/product_cat?post=24231"},{"taxonomy":"product_tag","embeddable":true,"href":"https:\/\/modavip.net\/index.php\/wp-json\/wp\/v2\/product_tag?post=24231"}],"curies":[{"name":"wp","href":"https:\/\/api.w.org\/{rel}","templated":true}]}}