{"id":27941,"date":"2021-10-07T16:00:40","date_gmt":"2021-10-07T14:00:40","guid":{"rendered":"https:\/\/modavip.net\/?post_type=product&#038;p=27941"},"modified":"2023-12-21T17:31:28","modified_gmt":"2023-12-21T16:31:28","slug":"salopette-atmosphere-11","status":"publish","type":"product","link":"https:\/\/modavip.net\/index.php\/prodotto\/salopette-atmosphere-11\/","title":{"rendered":"Salopette Atmosphere"},"content":{"rendered":"","protected":false},"excerpt":{"rendered":"<h5>Salopette nera in gabardine. Scollo con revers met\u00e0 giacca con bottone oro. L&#8217;altra met\u00e0 scollo a V tutto in pizzo oro. Manica lunga. Pantalone a sigaretta. Chiusura retro con zip. Vestibilit\u00e0 regular.<\/h5>\n","protected":false},"featured_media":51803,"template":"","meta":[],"product_brand":[],"product_cat":[209,429,363,105,22,201,361,208],"product_tag":[128],"class_list":{"0":"post-27941","1":"product","2":"type-product","3":"status-publish","4":"has-post-thumbnail","6":"product_cat-atmosphere","7":"product_cat-elegante","8":"product_cat-s","9":"product_cat-saldi","10":"product_cat-salopette","11":"product_cat-salopette-lunghe","12":"product_cat-tutte-le-taglie","13":"product_cat-tutti-i-brand","14":"product_tag-salopette-atmosphere","16":"first","17":"instock","18":"sale","19":"shipping-taxable","20":"purchasable","21":"product-type-variable"},"_links":{"self":[{"href":"https:\/\/modavip.net\/index.php\/wp-json\/wp\/v2\/product\/27941","targetHints":{"allow":["GET"]}}],"collection":[{"href":"https:\/\/modavip.net\/index.php\/wp-json\/wp\/v2\/product"}],"about":[{"href":"https:\/\/modavip.net\/index.php\/wp-json\/wp\/v2\/types\/product"}],"wp:featuredmedia":[{"embeddable":true,"href":"https:\/\/modavip.net\/index.php\/wp-json\/wp\/v2\/media\/51803"}],"wp:attachment":[{"href":"https:\/\/modavip.net\/index.php\/wp-json\/wp\/v2\/media?parent=27941"}],"wp:term":[{"taxonomy":"product_brand","embeddable":true,"href":"https:\/\/modavip.net\/index.php\/wp-json\/wp\/v2\/product_brand?post=27941"},{"taxonomy":"product_cat","embeddable":true,"href":"https:\/\/modavip.net\/index.php\/wp-json\/wp\/v2\/product_cat?post=27941"},{"taxonomy":"product_tag","embeddable":true,"href":"https:\/\/modavip.net\/index.php\/wp-json\/wp\/v2\/product_tag?post=27941"}],"curies":[{"name":"wp","href":"https:\/\/api.w.org\/{rel}","templated":true}]}}