{"id":35709,"date":"2024-04-09T18:57:10","date_gmt":"2024-04-09T16:57:10","guid":{"rendered":"https:\/\/modavip.net\/?post_type=product&#038;p=35709"},"modified":"2026-03-09T20:48:22","modified_gmt":"2026-03-09T19:48:22","slug":"salopette-bby-7","status":"publish","type":"product","link":"https:\/\/modavip.net\/index.php\/prodotto\/salopette-bby-7\/","title":{"rendered":"Salopette Bby"},"content":{"rendered":"","protected":false},"excerpt":{"rendered":"<h5>Salopette nera in gabardine e voile. Scollo a V incrociato per met\u00e0 arricciato in vita in voile l&#8217;altra met\u00e0 in pizzo oro. Spalline larghe. Passamaneria in pizzo oro in vita. Met\u00e0 gonna laterale in voile arricciata in vita. Pantalone a sigaretta. Chiusura retro con zip. Vestibilit\u00e0 regular.<\/h5>\n","protected":false},"featured_media":64382,"template":"","meta":[],"product_brand":[],"product_cat":[210,417,397,429,365,364,351,363,105,22,201,361,208,362],"product_tag":[137],"class_list":{"0":"post-35709","1":"product","2":"type-product","3":"status-publish","4":"has-post-thumbnail","6":"product_cat-bby","7":"product_cat-best-seller","8":"product_cat-collezione-natale","9":"product_cat-elegante","10":"product_cat-l","11":"product_cat-m","12":"product_cat-nuovi-arrivi","13":"product_cat-s","14":"product_cat-saldi","15":"product_cat-salopette","16":"product_cat-salopette-lunghe","17":"product_cat-tutte-le-taglie","18":"product_cat-tutti-i-brand","19":"product_cat-xs","20":"product_tag-salopette-bby","22":"first","23":"instock","24":"sale","25":"shipping-taxable","26":"purchasable","27":"product-type-variable"},"_links":{"self":[{"href":"https:\/\/modavip.net\/index.php\/wp-json\/wp\/v2\/product\/35709","targetHints":{"allow":["GET"]}}],"collection":[{"href":"https:\/\/modavip.net\/index.php\/wp-json\/wp\/v2\/product"}],"about":[{"href":"https:\/\/modavip.net\/index.php\/wp-json\/wp\/v2\/types\/product"}],"wp:featuredmedia":[{"embeddable":true,"href":"https:\/\/modavip.net\/index.php\/wp-json\/wp\/v2\/media\/64382"}],"wp:attachment":[{"href":"https:\/\/modavip.net\/index.php\/wp-json\/wp\/v2\/media?parent=35709"}],"wp:term":[{"taxonomy":"product_brand","embeddable":true,"href":"https:\/\/modavip.net\/index.php\/wp-json\/wp\/v2\/product_brand?post=35709"},{"taxonomy":"product_cat","embeddable":true,"href":"https:\/\/modavip.net\/index.php\/wp-json\/wp\/v2\/product_cat?post=35709"},{"taxonomy":"product_tag","embeddable":true,"href":"https:\/\/modavip.net\/index.php\/wp-json\/wp\/v2\/product_tag?post=35709"}],"curies":[{"name":"wp","href":"https:\/\/api.w.org\/{rel}","templated":true}]}}