{"id":54830,"date":"2022-03-02T20:06:34","date_gmt":"2022-03-02T19:06:34","guid":{"rendered":"https:\/\/modavip.net\/?post_type=product&#038;p=54830"},"modified":"2024-11-15T14:25:12","modified_gmt":"2024-11-15T13:25:12","slug":"completo-elegante-bby-52","status":"publish","type":"product","link":"https:\/\/modavip.net\/index.php\/prodotto\/completo-elegante-bby-52\/","title":{"rendered":"Completo elegante Bby"},"content":{"rendered":"","protected":false},"excerpt":{"rendered":"<h5>Completo bianco in gabardine. Giacca\/Pantalone. Giacca collo sciallato profilato in frangia d\u00ec perle bianche. Risvolti taschino. Manica lunga ampia ai polsi con frangia d\u00ec perle bianche. Pantalone a sigaretta con piega stirata. Chiusura retro con zip. Vestibilit\u00e0 regular.<\/h5>\n","protected":false},"featured_media":55121,"template":"","meta":[],"product_brand":[],"product_cat":[210,198,10,429,401,363,105,361,208],"product_tag":[133],"class_list":{"0":"post-54830","1":"product","2":"type-product","3":"status-publish","4":"has-post-thumbnail","6":"product_cat-bby","7":"product_cat-completi","8":"product_cat-completi-eleganti","9":"product_cat-elegante","10":"product_cat-mega-sconti","11":"product_cat-s","12":"product_cat-saldi","13":"product_cat-tutte-le-taglie","14":"product_cat-tutti-i-brand","15":"product_tag-completo-elegante-bby","17":"first","18":"instock","19":"sale","20":"shipping-taxable","21":"purchasable","22":"product-type-variable"},"_links":{"self":[{"href":"https:\/\/modavip.net\/index.php\/wp-json\/wp\/v2\/product\/54830","targetHints":{"allow":["GET"]}}],"collection":[{"href":"https:\/\/modavip.net\/index.php\/wp-json\/wp\/v2\/product"}],"about":[{"href":"https:\/\/modavip.net\/index.php\/wp-json\/wp\/v2\/types\/product"}],"wp:featuredmedia":[{"embeddable":true,"href":"https:\/\/modavip.net\/index.php\/wp-json\/wp\/v2\/media\/55121"}],"wp:attachment":[{"href":"https:\/\/modavip.net\/index.php\/wp-json\/wp\/v2\/media?parent=54830"}],"wp:term":[{"taxonomy":"product_brand","embeddable":true,"href":"https:\/\/modavip.net\/index.php\/wp-json\/wp\/v2\/product_brand?post=54830"},{"taxonomy":"product_cat","embeddable":true,"href":"https:\/\/modavip.net\/index.php\/wp-json\/wp\/v2\/product_cat?post=54830"},{"taxonomy":"product_tag","embeddable":true,"href":"https:\/\/modavip.net\/index.php\/wp-json\/wp\/v2\/product_tag?post=54830"}],"curies":[{"name":"wp","href":"https:\/\/api.w.org\/{rel}","templated":true}]}}